{"id":230,"date":"2024-12-11T15:56:28","date_gmt":"2024-12-11T15:56:28","guid":{"rendered":"https:\/\/dribbbledesigns.com\/martin\/?page_id=230"},"modified":"2024-12-12T18:50:23","modified_gmt":"2024-12-12T18:50:23","slug":"news","status":"publish","type":"page","link":"https:\/\/dribbbledesigns.com\/martin\/news\/","title":{"rendered":"NEWS"},"content":{"rendered":"\t\t<div data-elementor-type=\"wp-page\" data-elementor-id=\"230\" class=\"elementor elementor-230\" data-elementor-post-type=\"page\">\n\t\t\t\t\t\t<section class=\"elementor-section elementor-top-section elementor-element elementor-element-d98a82b elementor-section-height-min-height elementor-section-boxed elementor-section-height-default elementor-section-items-middle\" data-id=\"d98a82b\" data-element_type=\"section\" data-settings=\"{&quot;background_background&quot;:&quot;classic&quot;}\">\n\t\t\t\t\t\t<div class=\"elementor-container elementor-column-gap-default\">\n\t\t\t\t\t<div class=\"elementor-column elementor-col-100 elementor-top-column elementor-element elementor-element-3f33952 elementor-invisible\" data-id=\"3f33952\" data-element_type=\"column\" data-settings=\"{&quot;animation&quot;:&quot;fadeInUp&quot;}\">\n\t\t\t<div class=\"elementor-widget-wrap elementor-element-populated\">\n\t\t\t\t\t\t<div class=\"elementor-element elementor-element-45b1c34 elementor-widget elementor-widget-heading\" data-id=\"45b1c34\" data-element_type=\"widget\" data-widget_type=\"heading.default\">\n\t\t\t\t<div class=\"elementor-widget-container\">\n\t\t\t\t\t<h2 class=\"elementor-heading-title elementor-size-default\">News<\/h2>\t\t\t\t<\/div>\n\t\t\t\t<\/div>\n\t\t\t\t\t<\/div>\n\t\t<\/div>\n\t\t\t\t\t<\/div>\n\t\t<\/section>\n\t\t\t\t<section class=\"elementor-section elementor-top-section elementor-element elementor-element-7b2d38c elementor-section-boxed elementor-section-height-default elementor-section-height-default\" data-id=\"7b2d38c\" data-element_type=\"section\">\n\t\t\t\t\t\t<div class=\"elementor-container elementor-column-gap-default\">\n\t\t\t\t\t<div class=\"elementor-column elementor-col-100 elementor-top-column elementor-element elementor-element-1863fe3 elementor-invisible\" data-id=\"1863fe3\" data-element_type=\"column\" data-settings=\"{&quot;animation&quot;:&quot;fadeInUp&quot;}\">\n\t\t\t<div class=\"elementor-widget-wrap elementor-element-populated\">\n\t\t\t\t\t\t<div class=\"elementor-element elementor-element-f4a9fc0 elementor-widget elementor-widget-heading\" data-id=\"f4a9fc0\" data-element_type=\"widget\" data-widget_type=\"heading.default\">\n\t\t\t\t<div class=\"elementor-widget-container\">\n\t\t\t\t\t<h2 class=\"elementor-heading-title elementor-size-default\">Latest From the Blog<\/h2>\t\t\t\t<\/div>\n\t\t\t\t<\/div>\n\t\t\t\t<div class=\"elementor-element elementor-element-ca9ebd3 premium-blog-align-left elementor-widget elementor-widget-premium-addon-blog\" data-id=\"ca9ebd3\" data-element_type=\"widget\" data-settings=\"{&quot;force_height&quot;:&quot;true&quot;,&quot;premium_blog_columns_number&quot;:&quot;33.33%&quot;,&quot;premium_blog_grid&quot;:&quot;yes&quot;,&quot;premium_blog_layout&quot;:&quot;even&quot;,&quot;premium_blog_columns_number_tablet&quot;:&quot;50%&quot;,&quot;premium_blog_columns_number_mobile&quot;:&quot;100%&quot;}\" data-widget_type=\"premium-addon-blog.default\">\n\t\t\t\t<div class=\"elementor-widget-container\">\n\t\t\t\t\t\r\n\t\t\t\t<div class=\"premium-blog-wrap  premium-blog-even\" data-page=\"230\">\r\n\t\t\t\t\t<div class=\"premium-blog-post-outer-container\" data-total=\"1\">\r\n\t\t\t<div class=\"premium-blog-post-container premium-blog-skin-modern\">\r\n\t\t\t\t\t\t\t\t\t<div class=\"premium-blog-thumb-effect-wrapper\">\r\n\t\t\t\t\t\t<div class=\"premium-blog-thumbnail-container premium-blog-zoomin-effect\">\r\n\t\t\t\t\t\t\t\t\t\t\t<a href=\"https:\/\/dribbbledesigns.com\/martin\/architectural-shotcrete-la-museum-of-the-holocaust-duplicate-97-duplicate-100-2\/\" target=\"_blank\">\r\n\t\t\t\t<img fetchpriority=\"high\" decoding=\"async\" width=\"300\" height=\"304\" src=\"https:\/\/dribbbledesigns.com\/martin\/wp-content\/uploads\/2024\/12\/image-5.jpg\" class=\"attachment-full size-full wp-image-108\" alt=\"\" srcset=\"https:\/\/dribbbledesigns.com\/martin\/wp-content\/uploads\/2024\/12\/image-5.jpg 300w, https:\/\/dribbbledesigns.com\/martin\/wp-content\/uploads\/2024\/12\/image-5-296x300.jpg 296w\" sizes=\"(max-width: 300px) 100vw, 300px\" \/>\t\t\t\t<\/a>\r\n\t\t\t\t\t\t\t\t\t\t<\/div>\r\n\t\t\t\t\t\t\t\t\t\t\t\t\t<div class=\"premium-blog-effect-container premium-blog-framed-effect\">\r\n\t\t\t\t\t\t\t\t<a class=\"premium-blog-post-link\" href=\"https:\/\/dribbbledesigns.com\/martin\/architectural-shotcrete-la-museum-of-the-holocaust-duplicate-97-duplicate-100-2\/\" target=\"_blank\"><span>ARCHITECTURAL SHOTCRETE &#8211; LA MUSEUM OF THE HOLOCAUST &#8211; Duplicate &#8211; [#97] &#8211; Duplicate &#8211; [#100]<\/span><\/a>\r\n\t\t\t\t\t\t\t\t\t\t\t\t\t\t\t<\/div>\r\n\t\t\t\t\t\t\t\t\t\t\t<\/div>\r\n\t\t\t\t\t\t\t\t\t\t\t\t<div class=\"premium-blog-content-wrapper \">\r\n\r\n\t\t\t\t\t<div class=\"premium-blog-inner-container\">\r\n\r\n\t\t\t\t\t\t\t\t\t\t\t\t\t\t<h2 class=\"premium-blog-entry-title\">\r\n\t\t\t<a href=\"https:\/\/dribbbledesigns.com\/martin\/architectural-shotcrete-la-museum-of-the-holocaust-duplicate-97-duplicate-100-2\/\" target=\"_blank\">\r\n\t\t\t\tARCHITECTURAL SHOTCRETE &#8211; LA MUSEUM OF THE HOLOCAUST &#8211; Duplicate &#8211; [#97] &#8211; Duplicate &#8211; [#100]\t\t\t<\/a>\r\n\t\t<\/h2>\r\n\t\t\t\t<div class=\"premium-blog-entry-meta\">\r\n\t\t\t\r\n\t\t\t\r\n\t\t\t\r\n\t\t\t\t\t<\/div>\r\n\t\t\r\n\t\t\t\t\t<\/div>\r\n\r\n\t\t\t\t\t\t\t<div class=\"premium-blog-content-inner-wrapper\">\r\n\t\t<p class=\"premium-blog-post-content\">L\u00f6rem ipsum genusbudgetering hemisasade d\u00e5 vov\u00e5bel nidalig onir pak, p\u00e5 hexarat, klicktivism glaskulefolket drevkultur tretresk<\/p>\t\t<\/div>\r\n\t\t\t\t\t\t\t\r\n\t\t\t\t<\/div>\r\n\t\t\t<\/div>\r\n\t\t<\/div>\r\n\r\n\t\t\t\t<div class=\"premium-blog-post-outer-container\" data-total=\"1\">\r\n\t\t\t<div class=\"premium-blog-post-container premium-blog-skin-modern\">\r\n\t\t\t\t\t\t\t\t\t<div class=\"premium-blog-thumb-effect-wrapper\">\r\n\t\t\t\t\t\t<div class=\"premium-blog-thumbnail-container premium-blog-zoomin-effect\">\r\n\t\t\t\t\t\t\t\t\t\t\t<a href=\"https:\/\/dribbbledesigns.com\/martin\/architectural-shotcrete-la-museum-of-the-holocaust-duplicate-97-duplicate-100\/\" target=\"_blank\">\r\n\t\t\t\t<img decoding=\"async\" width=\"301\" height=\"305\" src=\"https:\/\/dribbbledesigns.com\/martin\/wp-content\/uploads\/2024\/12\/image-4.jpg\" class=\"attachment-full size-full wp-image-106\" alt=\"\" srcset=\"https:\/\/dribbbledesigns.com\/martin\/wp-content\/uploads\/2024\/12\/image-4.jpg 301w, https:\/\/dribbbledesigns.com\/martin\/wp-content\/uploads\/2024\/12\/image-4-296x300.jpg 296w\" sizes=\"(max-width: 301px) 100vw, 301px\" \/>\t\t\t\t<\/a>\r\n\t\t\t\t\t\t\t\t\t\t<\/div>\r\n\t\t\t\t\t\t\t\t\t\t\t\t\t<div class=\"premium-blog-effect-container premium-blog-framed-effect\">\r\n\t\t\t\t\t\t\t\t<a class=\"premium-blog-post-link\" href=\"https:\/\/dribbbledesigns.com\/martin\/architectural-shotcrete-la-museum-of-the-holocaust-duplicate-97-duplicate-100\/\" target=\"_blank\"><span>ARCHITECTURAL SHOTCRETE &#8211; LA MUSEUM OF THE HOLOCAUST &#8211; Duplicate &#8211; [#97] &#8211; Duplicate &#8211; [#100]<\/span><\/a>\r\n\t\t\t\t\t\t\t\t\t\t\t\t\t\t\t<\/div>\r\n\t\t\t\t\t\t\t\t\t\t\t<\/div>\r\n\t\t\t\t\t\t\t\t\t\t\t\t<div class=\"premium-blog-content-wrapper \">\r\n\r\n\t\t\t\t\t<div class=\"premium-blog-inner-container\">\r\n\r\n\t\t\t\t\t\t\t\t\t\t\t\t\t\t<h2 class=\"premium-blog-entry-title\">\r\n\t\t\t<a href=\"https:\/\/dribbbledesigns.com\/martin\/architectural-shotcrete-la-museum-of-the-holocaust-duplicate-97-duplicate-100\/\" target=\"_blank\">\r\n\t\t\t\tARCHITECTURAL SHOTCRETE &#8211; LA MUSEUM OF THE HOLOCAUST &#8211; Duplicate &#8211; [#97] &#8211; Duplicate &#8211; [#100]\t\t\t<\/a>\r\n\t\t<\/h2>\r\n\t\t\t\t<div class=\"premium-blog-entry-meta\">\r\n\t\t\t\r\n\t\t\t\r\n\t\t\t\r\n\t\t\t\t\t<\/div>\r\n\t\t\r\n\t\t\t\t\t<\/div>\r\n\r\n\t\t\t\t\t\t\t<div class=\"premium-blog-content-inner-wrapper\">\r\n\t\t<p class=\"premium-blog-post-content\">L\u00f6rem ipsum genusbudgetering hemisasade d\u00e5 vov\u00e5bel nidalig onir pak, p\u00e5 hexarat, klicktivism glaskulefolket drevkultur tretresk<\/p>\t\t<\/div>\r\n\t\t\t\t\t\t\t\r\n\t\t\t\t<\/div>\r\n\t\t\t<\/div>\r\n\t\t<\/div>\r\n\r\n\t\t\t\t<div class=\"premium-blog-post-outer-container\" data-total=\"1\">\r\n\t\t\t<div class=\"premium-blog-post-container premium-blog-skin-modern\">\r\n\t\t\t\t\t\t\t\t\t<div class=\"premium-blog-thumb-effect-wrapper\">\r\n\t\t\t\t\t\t<div class=\"premium-blog-thumbnail-container premium-blog-zoomin-effect\">\r\n\t\t\t\t\t\t\t\t\t\t\t<a href=\"https:\/\/dribbbledesigns.com\/martin\/architectural-shotcrete-la-museum-of-the-holocaust-duplicate-97\/\" target=\"_blank\">\r\n\t\t\t\t<img decoding=\"async\" width=\"301\" height=\"305\" src=\"https:\/\/dribbbledesigns.com\/martin\/wp-content\/uploads\/2024\/12\/image-3.jpg\" class=\"attachment-full size-full wp-image-101\" alt=\"\" srcset=\"https:\/\/dribbbledesigns.com\/martin\/wp-content\/uploads\/2024\/12\/image-3.jpg 301w, https:\/\/dribbbledesigns.com\/martin\/wp-content\/uploads\/2024\/12\/image-3-296x300.jpg 296w\" sizes=\"(max-width: 301px) 100vw, 301px\" \/>\t\t\t\t<\/a>\r\n\t\t\t\t\t\t\t\t\t\t<\/div>\r\n\t\t\t\t\t\t\t\t\t\t\t\t\t<div class=\"premium-blog-effect-container premium-blog-framed-effect\">\r\n\t\t\t\t\t\t\t\t<a class=\"premium-blog-post-link\" href=\"https:\/\/dribbbledesigns.com\/martin\/architectural-shotcrete-la-museum-of-the-holocaust-duplicate-97\/\" target=\"_blank\"><span>ARCHITECTURAL SHOTCRETE &#8211; LA MUSEUM OF THE HOLOCAUST &#8211; Duplicate &#8211; [#97]<\/span><\/a>\r\n\t\t\t\t\t\t\t\t\t\t\t\t\t\t\t<\/div>\r\n\t\t\t\t\t\t\t\t\t\t\t<\/div>\r\n\t\t\t\t\t\t\t\t\t\t\t\t<div class=\"premium-blog-content-wrapper \">\r\n\r\n\t\t\t\t\t<div class=\"premium-blog-inner-container\">\r\n\r\n\t\t\t\t\t\t\t\t\t\t\t\t\t\t<h2 class=\"premium-blog-entry-title\">\r\n\t\t\t<a href=\"https:\/\/dribbbledesigns.com\/martin\/architectural-shotcrete-la-museum-of-the-holocaust-duplicate-97\/\" target=\"_blank\">\r\n\t\t\t\tARCHITECTURAL SHOTCRETE &#8211; LA MUSEUM OF THE HOLOCAUST &#8211; Duplicate &#8211; [#97]\t\t\t<\/a>\r\n\t\t<\/h2>\r\n\t\t\t\t<div class=\"premium-blog-entry-meta\">\r\n\t\t\t\r\n\t\t\t\r\n\t\t\t\r\n\t\t\t\t\t<\/div>\r\n\t\t\r\n\t\t\t\t\t<\/div>\r\n\r\n\t\t\t\t\t\t\t<div class=\"premium-blog-content-inner-wrapper\">\r\n\t\t<p class=\"premium-blog-post-content\">L\u00f6rem ipsum genusbudgetering hemisasade d\u00e5 vov\u00e5bel nidalig onir pak, p\u00e5 hexarat, klicktivism glaskulefolket drevkultur tretresk<\/p>\t\t<\/div>\r\n\t\t\t\t\t\t\t\r\n\t\t\t\t<\/div>\r\n\t\t\t<\/div>\r\n\t\t<\/div>\r\n\r\n\t\t\t\t<div class=\"premium-blog-post-outer-container\" data-total=\"1\">\r\n\t\t\t<div class=\"premium-blog-post-container premium-blog-skin-modern\">\r\n\t\t\t\t\t\t\t\t\t<div class=\"premium-blog-thumb-effect-wrapper\">\r\n\t\t\t\t\t\t<div class=\"premium-blog-thumbnail-container premium-blog-zoomin-effect\">\r\n\t\t\t\t\t\t\t\t\t\t\t<a href=\"https:\/\/dribbbledesigns.com\/martin\/architectural-shotcrete-la-museum-of-the-holocaust\/\" target=\"_blank\">\r\n\t\t\t\t<img loading=\"lazy\" decoding=\"async\" width=\"301\" height=\"305\" src=\"https:\/\/dribbbledesigns.com\/martin\/wp-content\/uploads\/2024\/12\/image-2.jpg\" class=\"attachment-full size-full wp-image-98\" alt=\"\" srcset=\"https:\/\/dribbbledesigns.com\/martin\/wp-content\/uploads\/2024\/12\/image-2.jpg 301w, https:\/\/dribbbledesigns.com\/martin\/wp-content\/uploads\/2024\/12\/image-2-296x300.jpg 296w\" sizes=\"(max-width: 301px) 100vw, 301px\" \/>\t\t\t\t<\/a>\r\n\t\t\t\t\t\t\t\t\t\t<\/div>\r\n\t\t\t\t\t\t\t\t\t\t\t\t\t<div class=\"premium-blog-effect-container premium-blog-framed-effect\">\r\n\t\t\t\t\t\t\t\t<a class=\"premium-blog-post-link\" href=\"https:\/\/dribbbledesigns.com\/martin\/architectural-shotcrete-la-museum-of-the-holocaust\/\" target=\"_blank\"><span>ARCHITECTURAL SHOTCRETE &#8211; LA MUSEUM OF THE HOLOCAUST<\/span><\/a>\r\n\t\t\t\t\t\t\t\t\t\t\t\t\t\t\t<\/div>\r\n\t\t\t\t\t\t\t\t\t\t\t<\/div>\r\n\t\t\t\t\t\t\t\t\t\t\t\t<div class=\"premium-blog-content-wrapper \">\r\n\r\n\t\t\t\t\t<div class=\"premium-blog-inner-container\">\r\n\r\n\t\t\t\t\t\t\t\t\t\t\t\t\t\t<h2 class=\"premium-blog-entry-title\">\r\n\t\t\t<a href=\"https:\/\/dribbbledesigns.com\/martin\/architectural-shotcrete-la-museum-of-the-holocaust\/\" target=\"_blank\">\r\n\t\t\t\tARCHITECTURAL SHOTCRETE &#8211; LA MUSEUM OF THE HOLOCAUST\t\t\t<\/a>\r\n\t\t<\/h2>\r\n\t\t\t\t<div class=\"premium-blog-entry-meta\">\r\n\t\t\t\r\n\t\t\t\r\n\t\t\t\r\n\t\t\t\t\t<\/div>\r\n\t\t\r\n\t\t\t\t\t<\/div>\r\n\r\n\t\t\t\t\t\t\t<div class=\"premium-blog-content-inner-wrapper\">\r\n\t\t<p class=\"premium-blog-post-content\">L\u00f6rem ipsum genusbudgetering hemisasade d\u00e5 vov\u00e5bel nidalig onir pak, p\u00e5 hexarat, klicktivism glaskulefolket drevkultur tretresk<\/p>\t\t<\/div>\r\n\t\t\t\t\t\t\t\r\n\t\t\t\t<\/div>\r\n\t\t\t<\/div>\r\n\t\t<\/div>\r\n\r\n\t\t\t\t<\/div>\r\n\r\n\t\t\t\t\t\t<\/div>\n\t\t\t\t<\/div>\n\t\t\t\t\t<\/div>\n\t\t<\/div>\n\t\t\t\t\t<\/div>\n\t\t<\/section>\n\t\t\t\t<section class=\"elementor-section elementor-top-section elementor-element elementor-element-38b67e1 elementor-section-content-middle elementor-section-boxed elementor-section-height-default elementor-section-height-default\" data-id=\"38b67e1\" data-element_type=\"section\">\n\t\t\t\t\t\t<div class=\"elementor-container elementor-column-gap-default\">\n\t\t\t\t\t<div class=\"elementor-column elementor-col-100 elementor-top-column elementor-element elementor-element-6e2edce elementor-invisible\" data-id=\"6e2edce\" data-element_type=\"column\" data-settings=\"{&quot;animation&quot;:&quot;fadeInUp&quot;}\">\n\t\t\t<div class=\"elementor-widget-wrap elementor-element-populated\">\n\t\t\t\t\t\t<section class=\"elementor-section elementor-inner-section elementor-element elementor-element-5060430 elementor-section-boxed elementor-section-height-default elementor-section-height-default\" data-id=\"5060430\" data-element_type=\"section\" data-settings=\"{&quot;background_background&quot;:&quot;classic&quot;}\">\n\t\t\t\t\t\t<div class=\"elementor-container elementor-column-gap-default\">\n\t\t\t\t\t<div class=\"elementor-column elementor-col-50 elementor-inner-column elementor-element elementor-element-b942cba\" data-id=\"b942cba\" data-element_type=\"column\">\n\t\t\t<div class=\"elementor-widget-wrap elementor-element-populated\">\n\t\t\t\t\t\t<div class=\"elementor-element elementor-element-a1f91b3 elementor-widget elementor-widget-heading\" data-id=\"a1f91b3\" data-element_type=\"widget\" data-widget_type=\"heading.default\">\n\t\t\t\t<div class=\"elementor-widget-container\">\n\t\t\t\t\t<h2 class=\"elementor-heading-title elementor-size-default\">Subscribe\nA Newsletter<\/h2>\t\t\t\t<\/div>\n\t\t\t\t<\/div>\n\t\t\t\t\t<\/div>\n\t\t<\/div>\n\t\t\t\t<div class=\"elementor-column elementor-col-50 elementor-inner-column elementor-element elementor-element-fa64898\" data-id=\"fa64898\" data-element_type=\"column\">\n\t\t\t<div class=\"elementor-widget-wrap elementor-element-populated\">\n\t\t\t\t\t\t<div class=\"elementor-element elementor-element-99bac2f elementor-button-align-stretch elementor-widget elementor-widget-form\" data-id=\"99bac2f\" data-element_type=\"widget\" data-settings=\"{&quot;button_width&quot;:&quot;30&quot;,&quot;step_next_label&quot;:&quot;Next&quot;,&quot;step_previous_label&quot;:&quot;Previous&quot;,&quot;step_type&quot;:&quot;number_text&quot;,&quot;step_icon_shape&quot;:&quot;circle&quot;}\" data-widget_type=\"form.default\">\n\t\t\t\t<div class=\"elementor-widget-container\">\n\t\t\t\t\t\t\t<form class=\"elementor-form\" method=\"post\" name=\"New Form\">\n\t\t\t<input type=\"hidden\" name=\"post_id\" value=\"230\"\/>\n\t\t\t<input type=\"hidden\" name=\"form_id\" value=\"99bac2f\"\/>\n\t\t\t<input type=\"hidden\" name=\"referer_title\" value=\"NEWS\" \/>\n\n\t\t\t\t\t\t\t<input type=\"hidden\" name=\"queried_id\" value=\"230\"\/>\n\t\t\t\n\t\t\t<div class=\"elementor-form-fields-wrapper elementor-labels-\">\n\t\t\t\t\t\t\t\t<div class=\"elementor-field-type-email elementor-field-group elementor-column elementor-field-group-email elementor-col-70 elementor-field-required\">\n\t\t\t\t\t\t\t\t\t\t\t\t<label for=\"form-field-email\" class=\"elementor-field-label elementor-screen-only\">\n\t\t\t\t\t\t\t\tEmail\t\t\t\t\t\t\t<\/label>\n\t\t\t\t\t\t\t\t\t\t\t\t\t\t<input size=\"1\" type=\"email\" name=\"form_fields[email]\" id=\"form-field-email\" class=\"elementor-field elementor-size-lg  elementor-field-textual\" placeholder=\"Email\" required=\"required\" aria-required=\"true\">\n\t\t\t\t\t\t\t\t\t\t\t<\/div>\n\t\t\t\t\t\t\t\t<div class=\"elementor-field-group elementor-column elementor-field-type-submit elementor-col-30 e-form__buttons\">\n\t\t\t\t\t<button class=\"elementor-button elementor-size-lg\" type=\"submit\">\n\t\t\t\t\t\t<span class=\"elementor-button-content-wrapper\">\n\t\t\t\t\t\t\t\t\t\t\t\t\t\t\t\t\t\t\t\t\t\t<span class=\"elementor-button-text\">Subscribe<\/span>\n\t\t\t\t\t\t\t\t\t\t\t\t\t<\/span>\n\t\t\t\t\t<\/button>\n\t\t\t\t<\/div>\n\t\t\t<\/div>\n\t\t<\/form>\n\t\t\t\t\t\t<\/div>\n\t\t\t\t<\/div>\n\t\t\t\t\t<\/div>\n\t\t<\/div>\n\t\t\t\t\t<\/div>\n\t\t<\/section>\n\t\t\t\t\t<\/div>\n\t\t<\/div>\n\t\t\t\t\t<\/div>\n\t\t<\/section>\n\t\t\t\t<section class=\"elementor-section elementor-top-section elementor-element elementor-element-96f7d35 elementor-section-boxed elementor-section-height-default elementor-section-height-default\" data-id=\"96f7d35\" data-element_type=\"section\" data-settings=\"{&quot;background_background&quot;:&quot;classic&quot;}\">\n\t\t\t\t\t\t<div class=\"elementor-container elementor-column-gap-default\">\n\t\t\t\t\t<div class=\"elementor-column elementor-col-33 elementor-top-column elementor-element elementor-element-fea1cdb elementor-invisible\" data-id=\"fea1cdb\" data-element_type=\"column\" data-settings=\"{&quot;animation&quot;:&quot;fadeInUp&quot;}\">\n\t\t\t<div class=\"elementor-widget-wrap elementor-element-populated\">\n\t\t\t\t\t\t<div class=\"elementor-element elementor-element-3b1248a elementor-position-top elementor-widget elementor-widget-image-box\" data-id=\"3b1248a\" data-element_type=\"widget\" data-widget_type=\"image-box.default\">\n\t\t\t\t<div class=\"elementor-widget-container\">\n\t\t\t\t\t<div class=\"elementor-image-box-wrapper\"><figure class=\"elementor-image-box-img\"><a href=\"mailto:%20martin@chshotcrete.ca\" tabindex=\"-1\"><img loading=\"lazy\" decoding=\"async\" width=\"80\" height=\"80\" src=\"https:\/\/dribbbledesigns.com\/martin\/wp-content\/uploads\/2024\/12\/Group-1000007999.png\" class=\"attachment-full size-full wp-image-159\" alt=\"\" \/><\/a><\/figure><div class=\"elementor-image-box-content\"><h3 class=\"elementor-image-box-title\"><a href=\"mailto:%20martin@chshotcrete.ca\"><a href=\"mailto: martin@chshotcrete.ca\">martin@chshotcrete.ca<\/a> <br> <a href=\"mailto: william@chshotcrete.ca\">william@chshotcrete.ca<\/a><\/a><\/h3><\/div><\/div>\t\t\t\t<\/div>\n\t\t\t\t<\/div>\n\t\t\t\t\t<\/div>\n\t\t<\/div>\n\t\t\t\t<div class=\"elementor-column elementor-col-33 elementor-top-column elementor-element elementor-element-51f2672 elementor-invisible\" data-id=\"51f2672\" data-element_type=\"column\" data-settings=\"{&quot;animation&quot;:&quot;fadeInUp&quot;}\">\n\t\t\t<div class=\"elementor-widget-wrap elementor-element-populated\">\n\t\t\t\t\t\t<div class=\"elementor-element elementor-element-7b3c0e2 elementor-position-top elementor-widget elementor-widget-image-box\" data-id=\"7b3c0e2\" data-element_type=\"widget\" data-widget_type=\"image-box.default\">\n\t\t\t\t<div class=\"elementor-widget-container\">\n\t\t\t\t\t<div class=\"elementor-image-box-wrapper\"><figure class=\"elementor-image-box-img\"><a href=\"tel:%20(519)%20651-9295\" tabindex=\"-1\"><img loading=\"lazy\" decoding=\"async\" width=\"82\" height=\"82\" src=\"https:\/\/dribbbledesigns.com\/martin\/wp-content\/uploads\/2024\/12\/Group-1000008001.png\" class=\"attachment-full size-full wp-image-164\" alt=\"\" \/><\/a><\/figure><div class=\"elementor-image-box-content\"><h3 class=\"elementor-image-box-title\"><a href=\"tel:%20(519)%20651-9295\">(519) 651-9295<\/a><\/h3><\/div><\/div>\t\t\t\t<\/div>\n\t\t\t\t<\/div>\n\t\t\t\t\t<\/div>\n\t\t<\/div>\n\t\t\t\t<div class=\"elementor-column elementor-col-33 elementor-top-column elementor-element elementor-element-bc41352 elementor-invisible\" data-id=\"bc41352\" data-element_type=\"column\" data-settings=\"{&quot;animation&quot;:&quot;fadeInUp&quot;}\">\n\t\t\t<div class=\"elementor-widget-wrap elementor-element-populated\">\n\t\t\t\t\t\t<div class=\"elementor-element elementor-element-f27d846 elementor-position-top elementor-widget elementor-widget-image-box\" data-id=\"f27d846\" data-element_type=\"widget\" data-widget_type=\"image-box.default\">\n\t\t\t\t<div class=\"elementor-widget-container\">\n\t\t\t\t\t<div class=\"elementor-image-box-wrapper\"><figure class=\"elementor-image-box-img\"><a href=\"https:\/\/www.google.com\/maps\/place\/2133+Safari+Rd,+Cambridge,+ON+N1R+5S2,+Canada\/data=!4m2!3m1!1s0x882c7f2b693a37b1:0xd518d00e025fe5d2?sa=X&#038;ved=1t:242&#038;ictx=111\" tabindex=\"-1\"><img loading=\"lazy\" decoding=\"async\" width=\"82\" height=\"82\" src=\"https:\/\/dribbbledesigns.com\/martin\/wp-content\/uploads\/2024\/12\/Group-1000008000.png\" class=\"attachment-full size-full wp-image-163\" alt=\"\" \/><\/a><\/figure><div class=\"elementor-image-box-content\"><h3 class=\"elementor-image-box-title\"><a href=\"https:\/\/www.google.com\/maps\/place\/2133+Safari+Rd,+Cambridge,+ON+N1R+5S2,+Canada\/data=!4m2!3m1!1s0x882c7f2b693a37b1:0xd518d00e025fe5d2?sa=X&#038;ved=1t:242&#038;ictx=111\"><a href=\"https:\/\/www.google.com\/maps\/place\/2133+Safari+Rd,+Cambridge,+ON+N1R+5S2,+Canada\/data=!4m2!3m1!1s0x882c7f2b693a37b1:0xd518d00e025fe5d2?sa=X&ved=1t:242&ictx=111\">2133 Safari RD Cambridge  ON  N1R 5S2 CA<\/a> <br> <a href=\"https:\/\/www.google.com\/maps\/place\/37006+Blyth+Rd,+Goderich,+ON+N7A+3Y2,+Canada\/data=!4m2!3m1!1s0x8828dd93b8824175:0x6c08555ac1e8c19a?sa=X&ved=1t:242&ictx=111\">37006 Blyth Rd Goderich N7A 3Y2<\/a><\/a><\/h3><\/div><\/div>\t\t\t\t<\/div>\n\t\t\t\t<\/div>\n\t\t\t\t\t<\/div>\n\t\t<\/div>\n\t\t\t\t\t<\/div>\n\t\t<\/section>\n\t\t\t\t<\/div>\n\t\t","protected":false},"excerpt":{"rendered":"<p>News Latest From the Blog ARCHITECTURAL SHOTCRETE &#8211; LA MUSEUM OF THE HOLOCAUST &#8211; Duplicate &#8211; [#97] &#8211; Duplicate &#8211; [&hellip;]<\/p>\n","protected":false},"author":1,"featured_media":0,"parent":0,"menu_order":0,"comment_status":"closed","ping_status":"closed","template":"","meta":{"site-sidebar-layout":"no-sidebar","site-content-layout":"","ast-site-content-layout":"full-width-container","site-content-style":"default","site-sidebar-style":"default","ast-global-header-display":"","ast-banner-title-visibility":"","ast-main-header-display":"","ast-hfb-above-header-display":"","ast-hfb-below-header-display":"","ast-hfb-mobile-header-display":"","site-post-title":"disabled","ast-breadcrumbs-content":"","ast-featured-img":"disabled","footer-sml-layout":"","theme-transparent-header-meta":"default","adv-header-id-meta":"","stick-header-meta":"","header-above-stick-meta":"","header-main-stick-meta":"","header-below-stick-meta":"","astra-migrate-meta-layouts":"set","ast-page-background-enabled":"default","ast-page-background-meta":{"desktop":{"background-color":"var(--ast-global-color-4)","background-image":"","background-repeat":"repeat","background-position":"center center","background-size":"auto","background-attachment":"scroll","background-type":"","background-media":"","overlay-type":"","overlay-color":"","overlay-opacity":"","overlay-gradient":""},"tablet":{"background-color":"","background-image":"","background-repeat":"repeat","background-position":"center center","background-size":"auto","background-attachment":"scroll","background-type":"","background-media":"","overlay-type":"","overlay-color":"","overlay-opacity":"","overlay-gradient":""},"mobile":{"background-color":"","background-image":"","background-repeat":"repeat","background-position":"center center","background-size":"auto","background-attachment":"scroll","background-type":"","background-media":"","overlay-type":"","overlay-color":"","overlay-opacity":"","overlay-gradient":""}},"ast-content-background-meta":{"desktop":{"background-color":"var(--ast-global-color-5)","background-image":"","background-repeat":"repeat","background-position":"center center","background-size":"auto","background-attachment":"scroll","background-type":"","background-media":"","overlay-type":"","overlay-color":"","overlay-opacity":"","overlay-gradient":""},"tablet":{"background-color":"var(--ast-global-color-5)","background-image":"","background-repeat":"repeat","background-position":"center center","background-size":"auto","background-attachment":"scroll","background-type":"","background-media":"","overlay-type":"","overlay-color":"","overlay-opacity":"","overlay-gradient":""},"mobile":{"background-color":"var(--ast-global-color-5)","background-image":"","background-repeat":"repeat","background-position":"center center","background-size":"auto","background-attachment":"scroll","background-type":"","background-media":"","overlay-type":"","overlay-color":"","overlay-opacity":"","overlay-gradient":""}},"footnotes":""},"class_list":["post-230","page","type-page","status-publish","hentry"],"_links":{"self":[{"href":"https:\/\/dribbbledesigns.com\/martin\/wp-json\/wp\/v2\/pages\/230","targetHints":{"allow":["GET"]}}],"collection":[{"href":"https:\/\/dribbbledesigns.com\/martin\/wp-json\/wp\/v2\/pages"}],"about":[{"href":"https:\/\/dribbbledesigns.com\/martin\/wp-json\/wp\/v2\/types\/page"}],"author":[{"embeddable":true,"href":"https:\/\/dribbbledesigns.com\/martin\/wp-json\/wp\/v2\/users\/1"}],"replies":[{"embeddable":true,"href":"https:\/\/dribbbledesigns.com\/martin\/wp-json\/wp\/v2\/comments?post=230"}],"version-history":[{"count":13,"href":"https:\/\/dribbbledesigns.com\/martin\/wp-json\/wp\/v2\/pages\/230\/revisions"}],"predecessor-version":[{"id":344,"href":"https:\/\/dribbbledesigns.com\/martin\/wp-json\/wp\/v2\/pages\/230\/revisions\/344"}],"wp:attachment":[{"href":"https:\/\/dribbbledesigns.com\/martin\/wp-json\/wp\/v2\/media?parent=230"}],"curies":[{"name":"wp","href":"https:\/\/api.w.org\/{rel}","templated":true}]}}